{"id":19,"date":"2026-01-07T11:21:51","date_gmt":"2026-01-07T14:21:51","guid":{"rendered":"https:\/\/wineambassador.cl\/?page_id=19"},"modified":"2026-03-03T14:05:14","modified_gmt":"2026-03-03T17:05:14","slug":"inicio","status":"publish","type":"page","link":"https:\/\/wineambassador.cl\/","title":{"rendered":"Inicio"},"content":{"rendered":"\n<div class=\"wp-block-cover alignwide is-light\" style=\"min-height:720px;aspect-ratio:unset;\"><span aria-hidden=\"true\" class=\"wp-block-cover__background has-background-dim has-background-gradient\" style=\"background:linear-gradient(35deg,rgb(6,0,151) 0%,rgb(130,4,255) 73%,rgb(193,15,255) 100%)\"><\/span><div class=\"wp-block-cover__inner-container is-layout-flow wp-block-cover-is-layout-flow\">\n<div class=\"inherit-container-width wp-block-group alignwide is-layout-constrained wp-block-group-is-layout-constrained\">\n<div class=\"wp-block-media-text alignwide has-media-on-the-right is-stacked-on-mobile is-vertically-aligned-center\" style=\"grid-template-columns:auto 43%\"><div class=\"wp-block-media-text__content\">\n<h1 class=\"wp-block-heading has-text-align-center has-white-color has-text-color\">\u00a1BIENVENIDO!<\/h1>\n\n\n\n<p class=\"has-text-align-center has-white-color has-text-color\">Soy Mar\u00eda Jes\u00fas Rojas, embajadora de vinos y comunicadora. <br>conecto marcas, vinos y personas a trav\u00e9s de experiencias aut\u00e9nticas, catas y comunicaci\u00f3n estrat\u00e9gica.<\/p>\n\n\n\n<div class=\"wp-block-buttons is-content-justification-center is-layout-flex wp-container-core-buttons-is-layout-a89b3969 wp-block-buttons-is-layout-flex\">\n<div class=\"wp-block-button\"><a class=\"wp-block-button__link wp-element-button\" href=\"mailto: wineambasadorcl@gmail.com\">cont\u00e1ctame<\/a><\/div>\n<\/div>\n<\/div><figure class=\"wp-block-media-text__media\"><img loading=\"lazy\" decoding=\"async\" width=\"683\" height=\"1024\" src=\"https:\/\/wineambassador.cl\/wp-content\/uploads\/2026\/01\/IMG_2692-1-683x1024.jpg\" alt=\"\" class=\"wp-image-292 size-full\" srcset=\"https:\/\/wineambassador.cl\/wp-content\/uploads\/2026\/01\/IMG_2692-1-683x1024.jpg 683w, https:\/\/wineambassador.cl\/wp-content\/uploads\/2026\/01\/IMG_2692-1-200x300.jpg 200w, https:\/\/wineambassador.cl\/wp-content\/uploads\/2026\/01\/IMG_2692-1-768x1152.jpg 768w, https:\/\/wineambassador.cl\/wp-content\/uploads\/2026\/01\/IMG_2692-1-1024x1536.jpg 1024w, https:\/\/wineambassador.cl\/wp-content\/uploads\/2026\/01\/IMG_2692-1-1365x2048.jpg 1365w, https:\/\/wineambassador.cl\/wp-content\/uploads\/2026\/01\/IMG_2692-1-scaled.jpg 1707w\" sizes=\"auto, (max-width: 683px) 100vw, 683px\" \/><\/figure><\/div>\n<\/div>\n<\/div><\/div>\n\n\n\n<hr class=\"wp-block-separator has-alpha-channel-opacity\"\/>\n\n\n\n<div class=\"wp-block-group alignfull has-ast-global-color-5-background-color has-background is-layout-constrained wp-block-group-is-layout-constrained\" id=\"sobre-mi\" style=\"padding-bottom:0px\">\n<div class=\"wp-block-group alignwide is-layout-constrained wp-block-group-is-layout-constrained\">\n<div class=\"wp-block-columns alignwide is-layout-flex wp-container-core-columns-is-layout-00723822 wp-block-columns-is-layout-flex\">\n<div class=\"wp-block-column is-vertically-aligned-center is-layout-flow wp-container-core-column-is-layout-6b73ce23 wp-block-column-is-layout-flow\">\n<figure class=\"wp-block-image size-full\"><img loading=\"lazy\" decoding=\"async\" width=\"1707\" height=\"2560\" src=\"https:\/\/wineambassador.cl\/wp-content\/uploads\/2026\/01\/J6A0433-Editar-scaled.jpg\" alt=\"\" class=\"wp-image-108\" srcset=\"https:\/\/wineambassador.cl\/wp-content\/uploads\/2026\/01\/J6A0433-Editar-scaled.jpg 1707w, https:\/\/wineambassador.cl\/wp-content\/uploads\/2026\/01\/J6A0433-Editar-200x300.jpg 200w, https:\/\/wineambassador.cl\/wp-content\/uploads\/2026\/01\/J6A0433-Editar-683x1024.jpg 683w, https:\/\/wineambassador.cl\/wp-content\/uploads\/2026\/01\/J6A0433-Editar-768x1152.jpg 768w, https:\/\/wineambassador.cl\/wp-content\/uploads\/2026\/01\/J6A0433-Editar-1024x1536.jpg 1024w, https:\/\/wineambassador.cl\/wp-content\/uploads\/2026\/01\/J6A0433-Editar-1365x2048.jpg 1365w\" sizes=\"auto, (max-width: 1707px) 100vw, 1707px\" \/><\/figure>\n<\/div>\n\n\n\n<div class=\"wp-block-column is-layout-flow wp-container-core-column-is-layout-6b73ce23 wp-block-column-is-layout-flow\">\n<div class=\"wp-block-columns is-layout-flex wp-container-core-columns-is-layout-28f84493 wp-block-columns-is-layout-flex\">\n<div class=\"wp-block-column is-layout-flow wp-block-column-is-layout-flow\" style=\"flex-basis:100%\">\n<div class=\"wp-block-outermost-icon-block\"><div class=\"icon-container has-icon-color\" style=\"color:#8c00b7;width:48px;transform:rotate(0deg) scaleX(1) scaleY(1)\"><svg xmlns=\"http:\/\/www.w3.org\/2000\/svg\" id=\"Layer_1\" data-name=\"Layer 1\" viewBox=\"0 0 24 24\"><path d=\"M1.005,9.429c.282-1.955,2-3.429,3.995-3.429,.599,0,1.174,.127,1.711,.377,.25,.116,.359,.414,.242,.664-.116,.251-.413,.36-.664,.242-.404-.188-.837-.283-1.289-.283-1.501,0-2.793,1.105-3.005,2.571-.036,.249-.25,.429-.494,.429-.023,0-.048-.002-.072-.005-.273-.04-.463-.293-.423-.566Zm16.284-3.052c-.25,.116-.359,.414-.242,.664,.116,.251,.413,.36,.664,.242,.404-.188,.837-.283,1.289-.283,1.501,0,2.793,1.105,3.005,2.571,.036,.249,.25,.429,.494,.429,.023,0,.048-.002,.072-.005,.273-.04,.463-.293,.423-.566-.282-1.955-2-3.429-3.995-3.429-.599,0-1.174,.127-1.711,.377Zm-.289-3.377c0-1.103,.897-2,2-2s2,.897,2,2-.897,2-2,2-2-.897-2-2Zm1,0c0,.552,.449,1,1,1s1-.448,1-1-.449-1-1-1-1,.448-1,1Zm-9.571,6.995c.274,.036,.527-.151,.566-.424,.212-1.466,1.504-2.571,3.005-2.571s2.793,1.105,3.005,2.571c.036,.249,.25,.429,.494,.429,.023,0,.048-.002,.072-.005,.273-.04,.463-.293,.423-.566-.282-1.955-2-3.429-3.995-3.429s-3.712,1.474-3.995,3.429c-.04,.273,.15,.526,.423,.566Zm15.56,2.526c-.275,6.437-5.542,11.479-11.989,11.479S.287,18.958,.011,12.521c-.012-.276,.202-.509,.478-.521,.271,.008,.509,.202,.521,.479,.053,1.243,.32,2.423,.746,3.521H6.663c-.353-1.092-.597-2.257-.651-3.478-.012-.276,.201-.51,.477-.521,.272-.031,.509,.2,.522,.477,.055,1.235,.331,2.417,.72,3.522h8.538c.389-1.105,.665-2.287,.72-3.522,.013-.276,.251-.504,.522-.477,.276,.012,.489,.245,.477,.521-.055,1.22-.299,2.386-.651,3.478h4.907c.426-1.098,.693-2.279,.746-3.521,.012-.276,.249-.469,.521-.479,.276,.013,.49,.245,.478,.521Zm-13.23,10.404c-1.02-1.145-2.67-3.257-3.736-5.925H2.204c1.641,3.223,4.81,5.507,8.555,5.925Zm1.241-.137c.762-.798,2.648-2.951,3.877-5.788h-7.755c1.229,2.838,3.115,4.991,3.877,5.788Zm9.796-5.788h-4.819c-1.066,2.668-2.716,4.78-3.736,5.925,3.745-.418,6.914-2.703,8.555-5.925ZM3,3c0-1.103,.897-2,2-2s2,.897,2,2-.897,2-2,2-2-.897-2-2Zm1,0c0,.552,.449,1,1,1s1-.448,1-1-.449-1-1-1-1,.448-1,1Zm5.615-.5c0-1.379,1.122-2.5,2.5-2.5s2.5,1.121,2.5,2.5-1.122,2.5-2.5,2.5-2.5-1.121-2.5-2.5Zm1,0c0,.827,.673,1.5,1.5,1.5s1.5-.673,1.5-1.5-.673-1.5-1.5-1.5-1.5,.673-1.5,1.5Z\"><\/path><\/svg><\/div><\/div>\n<\/div>\n<\/div>\n\n\n\n<h3 class=\"wp-block-heading has-text-align-left\" style=\"margin-top:16px\">Embajadora de Marcas<\/h3>\n\n\n\n<p class=\"has-text-align-left\">Representaci\u00f3n de bodegas, posicionamiento y comunicaci\u00f3n del vino en mercados claves<\/p>\n<\/div>\n\n\n\n<div class=\"wp-block-column is-layout-flow wp-container-core-column-is-layout-6b73ce23 wp-block-column-is-layout-flow\">\n<figure class=\"wp-block-image size-large is-resized is-style-default wp-duotone-purple-yellow\" style=\"margin-top:0;margin-bottom:0\"><img loading=\"lazy\" decoding=\"async\" width=\"24\" height=\"24\" src=\"https:\/\/wineambassador.cl\/wp-content\/uploads\/2026\/01\/glass-cheers.svg\" alt=\"\" class=\"wp-image-184\" style=\"width:48px\"\/><\/figure>\n\n\n\n<h3 class=\"wp-block-heading has-text-align-left\" style=\"margin-top:16px\">Catas &amp; Experiencias<\/h3>\n\n\n\n<p class=\"has-text-align-left\">Catas guiadas, formaciones y experiencias dise\u00f1adas para distintos p\u00fablicos<\/p>\n<\/div>\n\n\n\n<div class=\"wp-block-column is-layout-flow wp-container-core-column-is-layout-6b73ce23 wp-block-column-is-layout-flow\">\n<figure class=\"wp-block-image size-large is-resized wp-duotone-purple-yellow\"><img loading=\"lazy\" decoding=\"async\" width=\"24\" height=\"24\" src=\"https:\/\/wineambassador.cl\/wp-content\/uploads\/2026\/01\/calendar-microphone_19013302.svg\" alt=\"\" class=\"wp-image-193\" style=\"width:48px;height:auto\"\/><\/figure>\n\n\n\n<h3 class=\"wp-block-heading has-text-align-left\" style=\"margin-top:16px\">Eventos y Comunicaci\u00f3n<\/h3>\n\n\n\n<p class=\"has-text-align-left\">Organizaci\u00f3n y apoyo en ferias, eventos y acciones de visibilidad para marcas de vinos<\/p>\n<\/div>\n<\/div>\n<\/div>\n<\/div>\n\n\n\n<hr class=\"wp-block-separator has-alpha-channel-opacity\"\/>\n\n\n\n<div class=\"wp-block-group alignfull has-ast-global-color-5-background-color has-background is-layout-constrained wp-container-core-group-is-layout-94d206d0 wp-block-group-is-layout-constrained\" id=\"experiencia\" style=\"padding-top:143px;padding-bottom:144px\">\n<div class=\"wp-block-media-text has-media-on-the-right is-stacked-on-mobile is-vertically-aligned-center\"><div class=\"wp-block-media-text__content\">\n<h2 class=\"wp-block-heading has-text-align-center\" style=\"padding-right:40px\">Experiencia Destacada<\/h2>\n\n\n\n<ul class=\"wp-block-list\">\n<li>Ingeniera Agr\u00f3noma de la Pontificia Universidad Cat\u00f3lica de Chile<\/li>\n\n\n\n<li>En\u00f3loga, registro 1112 <\/li>\n\n\n\n<li>Diplomado en Manejo de cuentas claves y venta estrat\u00e9gica<\/li>\n\n\n\n<li>WSET nivel 3<\/li>\n\n\n\n<li>9 a\u00f1os de experiencia en el rubro del vino<\/li>\n\n\n\n<li>Trayectoria Profesional en Chile, USA y Alemania<br><\/li>\n<\/ul>\n<\/div><figure class=\"wp-block-media-text__media\"><img loading=\"lazy\" decoding=\"async\" width=\"853\" height=\"626\" src=\"https:\/\/wineambassador.cl\/wp-content\/uploads\/2026\/01\/WhatsApp-Image-2026-01-11-at-15.01.18-1.jpeg\" alt=\"\" class=\"wp-image-118 size-full\" srcset=\"https:\/\/wineambassador.cl\/wp-content\/uploads\/2026\/01\/WhatsApp-Image-2026-01-11-at-15.01.18-1.jpeg 853w, https:\/\/wineambassador.cl\/wp-content\/uploads\/2026\/01\/WhatsApp-Image-2026-01-11-at-15.01.18-1-300x220.jpeg 300w, https:\/\/wineambassador.cl\/wp-content\/uploads\/2026\/01\/WhatsApp-Image-2026-01-11-at-15.01.18-1-768x564.jpeg 768w\" sizes=\"auto, (max-width: 853px) 100vw, 853px\" \/><\/figure><\/div>\n<\/div>\n\n\n\n<hr class=\"wp-block-separator has-alpha-channel-opacity\"\/>\n\n\n\n<div id=\"viajes\" class=\"wp-block-group is-layout-constrained wp-block-group-is-layout-constrained\">\n<div class=\"wp-block-group is-layout-constrained wp-block-group-is-layout-constrained\">\n<div class=\"wp-block-media-text has-media-on-the-right is-stacked-on-mobile\"><div class=\"wp-block-media-text__content\">\n<h2 class=\"wp-block-heading has-text-align-center\">Viajes<\/h2>\n\n\n\n<p class=\"has-text-align-center\">He tenido la oportunidad de viajar por los los distintos continentes y recorrer numerosos pa\u00edses, descubriendo y compartiendo las distintas cualidades y expresiones del vino en cada lugar. A lo largo de este camino he realizado capacitaciones, wine dinners y charlas, siempre con el objetivo de transmitir conocimiento desde la experiencia directa.<\/p>\n\n\n\n<p class=\"has-text-align-center\">Vivo el vino con mucha pasi\u00f3n, pero tambi\u00e9n desde el disfrute y la curiosidad, entendiendo que aprender y ense\u00f1ar puede ser tan enriquecedor como divertido. Cada encuentro ha sido una oportunidad para compartir momentos, historias y sabores, conectando con las diversas culturas que hacen del mundo del vino un universo tan diverso como fascinante.<\/p>\n\n\n\n<div class=\"wp-block-columns is-layout-flex wp-container-core-columns-is-layout-28f84493 wp-block-columns-is-layout-flex\">\n<div class=\"wp-block-column is-layout-flow wp-block-column-is-layout-flow\" style=\"flex-basis:100%\">\n<div class=\"wp-block-buttons alignfull is-content-justification-center is-layout-flex wp-container-core-buttons-is-layout-a89b3969 wp-block-buttons-is-layout-flex\">\n<div class=\"wp-block-button\"><a class=\"wp-block-button__link has-text-align-center wp-element-button\" href=\"?page_id=80\">Conoce m\u00e1s de los viajes<\/a><\/div>\n<\/div>\n<\/div>\n<\/div>\n<\/div><figure class=\"wp-block-media-text__media\"><img loading=\"lazy\" decoding=\"async\" width=\"1024\" height=\"683\" src=\"https:\/\/wineambassador.cl\/wp-content\/uploads\/2026\/01\/ChatGPT-Image-12-ene-2026-11_45_30-a.m.-1-1-1024x683.png\" alt=\"\" class=\"wp-image-240 size-full\" srcset=\"https:\/\/wineambassador.cl\/wp-content\/uploads\/2026\/01\/ChatGPT-Image-12-ene-2026-11_45_30-a.m.-1-1-1024x683.png 1024w, https:\/\/wineambassador.cl\/wp-content\/uploads\/2026\/01\/ChatGPT-Image-12-ene-2026-11_45_30-a.m.-1-1-300x200.png 300w, https:\/\/wineambassador.cl\/wp-content\/uploads\/2026\/01\/ChatGPT-Image-12-ene-2026-11_45_30-a.m.-1-1-768x512.png 768w, https:\/\/wineambassador.cl\/wp-content\/uploads\/2026\/01\/ChatGPT-Image-12-ene-2026-11_45_30-a.m.-1-1.png 1536w\" sizes=\"auto, (max-width: 1024px) 100vw, 1024px\" \/><\/figure><\/div>\n<\/div>\n<\/div>\n\n\n\n<hr class=\"wp-block-separator has-alpha-channel-opacity\"\/>\n\n\n\n<div class=\"wp-block-group alignfull is-layout-constrained wp-container-core-group-is-layout-3fee123f wp-block-group-is-layout-constrained\" id=\"contacto\" style=\"padding-top:144px;padding-bottom:144px\">\n<h2 class=\"wp-block-heading\">\u00bfHablamos de vino? <br>Escr\u00edbeme para colaboraciones, eventos &amp; catas<\/h2>\n\n\n\n<div class=\"wp-block-columns is-layout-flex wp-container-core-columns-is-layout-29aadeec wp-block-columns-is-layout-flex\" style=\"margin-top:60px\">\n<div class=\"wp-block-column is-layout-flow wp-container-core-column-is-layout-6b73ce23 wp-block-column-is-layout-flow\">\n<figure class=\"wp-block-image size-large\"><img decoding=\"async\" src=\"https:\/\/wineambassador.cl\/wp-content\/themes\/astra\/inc\/assets\/images\/starter-content\/passionate.svg\" alt=\"\" class=\"wp-image-162\"\/><\/figure>\n\n\n\n<h3 class=\"wp-block-heading\" style=\"margin-top:16px\">Pasi\u00f3n<\/h3>\n\n\n\n<p>Apasionada por el mundo del vino, con un enfoque profesional y una conexi\u00f3n genuina con su origen, elaboraci\u00f3n y expresi\u00f3n sensorial. Destacada capacidad de comunicar, generar v\u00ednculos y transmitir el valor de cada vino de manera clara, cercana y aut\u00e9ntica.<\/p>\n<\/div>\n\n\n\n<div class=\"wp-block-column is-layout-flow wp-container-core-column-is-layout-6b73ce23 wp-block-column-is-layout-flow\">\n<figure class=\"wp-block-image size-large wp-duotone-unset-1\"><img decoding=\"async\" src=\"https:\/\/wineambassador.cl\/wp-content\/themes\/astra\/inc\/assets\/images\/starter-content\/professional.svg\" alt=\"\" class=\"wp-image-163\"\/><\/figure>\n\n\n\n<h3 class=\"wp-block-heading\" style=\"margin-top:16px\">Profesional<\/h3>\n\n\n\n<p>Profesional del mundo del vino, con s\u00f3lidos conocimientos en vitivinicultura y elaboraci\u00f3n. Destaca por su capacidad de an\u00e1lisis, comunicaci\u00f3n y generaci\u00f3n de relaciones, transmitiendo el valor del vino de forma clara, aut\u00e9ntica y alineada a distintos p\u00fablicos y mercados.<\/p>\n<\/div>\n<\/div>\n<\/div>\n","protected":false},"excerpt":{"rendered":"<p>Embajadora de Marcas Representaci\u00f3n de bodegas, posicionamiento y comunicaci\u00f3n del vino en mercados claves Catas &amp; Experiencias Catas guiadas, formaciones [&hellip;]<\/p>\n","protected":false},"author":1,"featured_media":0,"parent":0,"menu_order":0,"comment_status":"closed","ping_status":"closed","template":"","meta":{"site-sidebar-layout":"no-sidebar","site-content-layout":"plain-container","ast-site-content-layout":"default","site-content-style":"default","site-sidebar-style":"default","ast-global-header-display":"","ast-banner-title-visibility":"","ast-main-header-display":"","ast-hfb-above-header-display":"","ast-hfb-below-header-display":"","ast-hfb-mobile-header-display":"","site-post-title":"disabled","ast-breadcrumbs-content":"","ast-featured-img":"","footer-sml-layout":"","ast-disable-related-posts":"","theme-transparent-header-meta":"enabled","adv-header-id-meta":"","stick-header-meta":"","header-above-stick-meta":"","header-main-stick-meta":"","header-below-stick-meta":"","astra-migrate-meta-layouts":"default","ast-page-background-enabled":"default","ast-page-background-meta":{"desktop":{"background-color":"var(--ast-global-color-5)","background-image":"","background-repeat":"repeat","background-position":"center center","background-size":"auto","background-attachment":"scroll","background-type":"","background-media":"","overlay-type":"","overlay-color":"","overlay-opacity":"","overlay-gradient":""},"tablet":{"background-color":"","background-image":"","background-repeat":"repeat","background-position":"center center","background-size":"auto","background-attachment":"scroll","background-type":"","background-media":"","overlay-type":"","overlay-color":"","overlay-opacity":"","overlay-gradient":""},"mobile":{"background-color":"","background-image":"","background-repeat":"repeat","background-position":"center center","background-size":"auto","background-attachment":"scroll","background-type":"","background-media":"","overlay-type":"","overlay-color":"","overlay-opacity":"","overlay-gradient":""}},"ast-content-background-meta":{"desktop":{"background-color":"var(--ast-global-color-4)","background-image":"","background-repeat":"repeat","background-position":"center center","background-size":"auto","background-attachment":"scroll","background-type":"","background-media":"","overlay-type":"","overlay-color":"","overlay-opacity":"","overlay-gradient":""},"tablet":{"background-color":"var(--ast-global-color-4)","background-image":"","background-repeat":"repeat","background-position":"center center","background-size":"auto","background-attachment":"scroll","background-type":"","background-media":"","overlay-type":"","overlay-color":"","overlay-opacity":"","overlay-gradient":""},"mobile":{"background-color":"var(--ast-global-color-4)","background-image":"","background-repeat":"repeat","background-position":"center center","background-size":"auto","background-attachment":"scroll","background-type":"","background-media":"","overlay-type":"","overlay-color":"","overlay-opacity":"","overlay-gradient":""}},"footnotes":""},"class_list":["post-19","page","type-page","status-publish","hentry"],"_links":{"self":[{"href":"https:\/\/wineambassador.cl\/index.php?rest_route=\/wp\/v2\/pages\/19","targetHints":{"allow":["GET"]}}],"collection":[{"href":"https:\/\/wineambassador.cl\/index.php?rest_route=\/wp\/v2\/pages"}],"about":[{"href":"https:\/\/wineambassador.cl\/index.php?rest_route=\/wp\/v2\/types\/page"}],"author":[{"embeddable":true,"href":"https:\/\/wineambassador.cl\/index.php?rest_route=\/wp\/v2\/users\/1"}],"replies":[{"embeddable":true,"href":"https:\/\/wineambassador.cl\/index.php?rest_route=%2Fwp%2Fv2%2Fcomments&post=19"}],"version-history":[{"count":54,"href":"https:\/\/wineambassador.cl\/index.php?rest_route=\/wp\/v2\/pages\/19\/revisions"}],"predecessor-version":[{"id":561,"href":"https:\/\/wineambassador.cl\/index.php?rest_route=\/wp\/v2\/pages\/19\/revisions\/561"}],"wp:attachment":[{"href":"https:\/\/wineambassador.cl\/index.php?rest_route=%2Fwp%2Fv2%2Fmedia&parent=19"}],"curies":[{"name":"wp","href":"https:\/\/api.w.org\/{rel}","templated":true}]}}